
{"id":4405,"date":"2021-02-24T19:34:00","date_gmt":"2021-03-20T13:57:49","guid":{"rendered":"https:\/\/estonianmusic.com\/toode\/vainamoise-venesoit-the-heros-voyage-min-20\/"},"modified":"2021-08-30T16:15:01","modified_gmt":"2021-08-30T16:15:01","slug":"vainamoise-venesoit-the-heros-voyage-min-20-3","status":"publish","type":"product","link":"https:\/\/estonianmusic.com\/en\/toode\/vainamoise-venesoit-the-heros-voyage-min-20-3\/","title":{"rendered":"V\u00e4in\u00e4m\u00f6ise venes\u00f5it \/ The Hero&#8217;s Voyage (min 20)"},"content":{"rendered":"","protected":false},"excerpt":{"rendered":"<p>Text from &#8220;Kalevala&#8221; XXXIX, translated by W.F.Kirby<br \/>\nin finnish and english<br \/>\n7 pages<\/p>\n<p>&nbsp;<\/p>\n","protected":false},"featured_media":2670,"template":"","meta":{"_et_pb_use_builder":"","_et_pb_old_content":"","_et_gb_content_width":"","spay_email":""},"_links":{"self":[{"href":"https:\/\/estonianmusic.com\/en\/wp-json\/wp\/v2\/product\/4405"}],"collection":[{"href":"https:\/\/estonianmusic.com\/en\/wp-json\/wp\/v2\/product"}],"about":[{"href":"https:\/\/estonianmusic.com\/en\/wp-json\/wp\/v2\/types\/product"}],"wp:featuredmedia":[{"embeddable":true,"href":"https:\/\/estonianmusic.com\/en\/wp-json\/wp\/v2\/media\/2670"}],"wp:attachment":[{"href":"https:\/\/estonianmusic.com\/en\/wp-json\/wp\/v2\/media?parent=4405"}],"curies":[{"name":"wp","href":"https:\/\/api.w.org\/{rel}","templated":true}]}}