
{"id":4403,"date":"2021-02-23T17:53:25","date_gmt":"2021-03-20T13:55:51","guid":{"rendered":"https:\/\/estonianmusic.com\/toode\/8-estonian-lyric-folktunes-min-20\/"},"modified":"2021-08-25T15:06:02","modified_gmt":"2021-08-25T15:06:02","slug":"8-eesti-luurilist-rahvalaulu-min-20-tk-2","status":"publish","type":"product","link":"https:\/\/estonianmusic.com\/en\/toode\/8-eesti-luurilist-rahvalaulu-min-20-tk-2\/","title":{"rendered":"8 estonian lyric folktunes (min 20)"},"content":{"rendered":"","protected":false},"excerpt":{"rendered":"<p><strong class=\"title\">Partitur <\/strong><span class=\"subtitle\">Carus 9.509\/00, 16 pages<\/span><span class=\"info d-block\">A4,<br \/>\nin estonian<\/span><\/p>\n<p>1. Laulud pulmades \u00f5pitud<br \/>\n2. Halb reheline<br \/>\n3. \u00c4rge l\u00f6\u00f6ge vaeslast<br \/>\n4. H\u00e4rjad ootavad p\u00fchi<br \/>\n5. Sakste s\u00f5im<br \/>\n6. Mure murrab meele<br \/>\n7. Pihlapuu<br \/>\n8. Vaeslapsed laanes<\/p>\n","protected":false},"featured_media":3292,"template":"","meta":{"_et_pb_use_builder":"","_et_pb_old_content":"","_et_gb_content_width":"","spay_email":""},"_links":{"self":[{"href":"https:\/\/estonianmusic.com\/en\/wp-json\/wp\/v2\/product\/4403"}],"collection":[{"href":"https:\/\/estonianmusic.com\/en\/wp-json\/wp\/v2\/product"}],"about":[{"href":"https:\/\/estonianmusic.com\/en\/wp-json\/wp\/v2\/types\/product"}],"wp:featuredmedia":[{"embeddable":true,"href":"https:\/\/estonianmusic.com\/en\/wp-json\/wp\/v2\/media\/3292"}],"wp:attachment":[{"href":"https:\/\/estonianmusic.com\/en\/wp-json\/wp\/v2\/media?parent=4403"}],"curies":[{"name":"wp","href":"https:\/\/api.w.org\/{rel}","templated":true}]}}