
{"id":4402,"date":"2021-02-18T18:54:15","date_gmt":"2021-03-20T13:46:04","guid":{"rendered":"https:\/\/estonianmusic.com\/toode\/ingerian-eveninigs-two-parts-from-the-cycle\/"},"modified":"2021-08-25T15:06:34","modified_gmt":"2021-08-25T15:06:34","slug":"ingerimaa-ohtud-kaks-osa-tsuklist","status":"publish","type":"product","link":"https:\/\/estonianmusic.com\/en\/toode\/ingerimaa-ohtud-kaks-osa-tsuklist\/","title":{"rendered":"Two parts from the cycle &#8220;Ingerimaa \u00f5htud&#8221;\/ &#8220;Ingerian Evenings&#8221; (min 3)"},"content":{"rendered":"","protected":false},"excerpt":{"rendered":"<p><strong>for girls&#8217; choir<\/strong><br \/>\nText adapted by Ada Ambus<br \/>\n7 pages, A4<\/p>\n<p><em>Content:<\/em><br \/>\n1. Ringm\u00e4ngulaul<br \/>\n2. R\u00f6nt\u00fcsk\u00e4 III<\/p>\n","protected":false},"featured_media":3038,"template":"","meta":{"_et_pb_use_builder":"","_et_pb_old_content":"","_et_gb_content_width":"","spay_email":""},"_links":{"self":[{"href":"https:\/\/estonianmusic.com\/en\/wp-json\/wp\/v2\/product\/4402"}],"collection":[{"href":"https:\/\/estonianmusic.com\/en\/wp-json\/wp\/v2\/product"}],"about":[{"href":"https:\/\/estonianmusic.com\/en\/wp-json\/wp\/v2\/types\/product"}],"wp:featuredmedia":[{"embeddable":true,"href":"https:\/\/estonianmusic.com\/en\/wp-json\/wp\/v2\/media\/3038"}],"wp:attachment":[{"href":"https:\/\/estonianmusic.com\/en\/wp-json\/wp\/v2\/media?parent=4402"}],"curies":[{"name":"wp","href":"https:\/\/api.w.org\/{rel}","templated":true}]}}