
{"id":4401,"date":"2021-02-18T15:15:13","date_gmt":"2021-03-20T13:43:25","guid":{"rendered":"https:\/\/estonianmusic.com\/toode\/choral-works\/"},"modified":"2021-11-09T19:13:58","modified_gmt":"2021-11-09T19:13:58","slug":"koorilaule-ester-magi","status":"publish","type":"product","link":"https:\/\/estonianmusic.com\/en\/toode\/koorilaule-ester-magi\/","title":{"rendered":"Choral Works"},"content":{"rendered":"","protected":false},"excerpt":{"rendered":"<p>Pieces for a cappella choir composed 1971-2002.<br \/>\n&#8211;<br \/>\n<em>A4, 172 pages, hardbounded<\/em><br \/>\n<em>Cover design Mari K\u00e4bin<\/em><\/p>\n<p>&#8211;<br \/>\n<em>All titles are separately available!<\/em><\/p>\n<p><a href=\"https:\/\/estonianmusic.dev.unionfintech.com\/wp-content\/uploads\/2021\/02\/2504-Magi_SSAA.pdf\">2504 Magi_SSAA<\/a><br \/>\n<a href=\"https:\/\/estonianmusic.dev.unionfintech.com\/wp-content\/uploads\/2021\/02\/2504-Magi_SATB.pdf\">2504 M\u00e4gi_SATB<\/a><br \/>\n<a href=\"https:\/\/estonianmusic.dev.unionfintech.com\/wp-content\/uploads\/2021\/02\/2504-Magi_TTBB.pdf\">2504 M\u00e4gi_TTBB<\/a><\/p>\n<p>CONTENT:<br \/>\n<span style=\"color: #008080;\">I SSAA<\/span><br \/>\n1. Vahtralt valg\u00f5 pilve p\u00e4\u00e4le \/ Maple Way to Milky Cloud<br \/>\n2. Kauge maa \/ A Distant Land<br \/>\n3. Laulikutele \/ To the Bards<br \/>\n4. Piet\u00e1<br \/>\n5. Lumepuu ja laulupuu \/ Snow Tree<br \/>\n6. \u00dchele lapsele \/ For A Child<br \/>\n7. Ta tuli \/ He Came<br \/>\n8. Kevad-sonett \/ Spring Sonnet<\/p>\n<p><span style=\"color: #008080;\">II TTBB<\/span><br \/>\n9. Lapi laul \/ Song from Lapland<br \/>\n10. \u00dcks hetk \/ A Moment<br \/>\n11. Hulkurpoiss \/ A Vagabond Boy<br \/>\n12. Kalamehe jutt \/ A Fisherman&#8217;s Story<br \/>\n13. Murdunud aer \/ The Broken Oar<br \/>\n14. J\u00f5ulu\u00f5htul \/ Christmas Night<br \/>\n15. Kerko-kell \/ Church Bell<br \/>\n16. Soov \/ A Wish<br \/>\n17. Isamaa \/ The Fatherland<br \/>\n18. Hiidlane \/ The Islander from Hiiumaa<\/p>\n<p><span style=\"color: #008080;\">III SATB<\/span><br \/>\n19. Viru lauliku m\u00f5tted \/ Estonian Bard&#8217;s Thoughts<br \/>\n20. Elu nimel \/ In the Name of Life<br \/>\n21. Uinutamislaul \/ A Lullaby<br \/>\n22. Laulikutele \/ To the Bards<br \/>\n23. J\u00f5ulu\u00f5htul \/ Christmas Night<br \/>\n24. Siin mu r\u00f5\u00f5mumaa \/ Here Is the Land of My Joy<br \/>\n25. Piet\u00e1<br \/>\n26. Vaikne lauluke \/ A Quiet Song<br \/>\n27. Dona nobis pacem<br \/>\n28. Neenia \/ Nenia<br \/>\n29. Suitsup\u00e4\u00e4suke \/ Chimney Swallow<br \/>\n30. Ubi bene<br \/>\n31. Ubi amici<\/p>\n","protected":false},"featured_media":2978,"template":"","meta":{"_et_pb_use_builder":"","_et_pb_old_content":"","_et_gb_content_width":"","spay_email":""},"_links":{"self":[{"href":"https:\/\/estonianmusic.com\/en\/wp-json\/wp\/v2\/product\/4401"}],"collection":[{"href":"https:\/\/estonianmusic.com\/en\/wp-json\/wp\/v2\/product"}],"about":[{"href":"https:\/\/estonianmusic.com\/en\/wp-json\/wp\/v2\/types\/product"}],"wp:featuredmedia":[{"embeddable":true,"href":"https:\/\/estonianmusic.com\/en\/wp-json\/wp\/v2\/media\/2978"}],"wp:attachment":[{"href":"https:\/\/estonianmusic.com\/en\/wp-json\/wp\/v2\/media?parent=4401"}],"curies":[{"name":"wp","href":"https:\/\/api.w.org\/{rel}","templated":true}]}}