
{"id":4397,"date":"2021-02-25T12:27:17","date_gmt":"2021-03-20T13:20:33","guid":{"rendered":"https:\/\/estonianmusic.com\/toode\/laulu-otsimas-choral-works-for-mixed-and-female-voices\/"},"modified":"2021-03-20T13:20:33","modified_gmt":"2021-03-20T13:20:33","slug":"laulu-otsimas-laule-sega-ja-naiskoorile-2","status":"publish","type":"product","link":"https:\/\/estonianmusic.com\/en\/toode\/laulu-otsimas-laule-sega-ja-naiskoorile-2\/","title":{"rendered":"Laulu otsimas \/ Choral works for mixed and female voices"},"content":{"rendered":"","protected":false},"excerpt":{"rendered":"<p>44 pages Text in estonian<\/p>\n<p><strong>Pieces female choir:<\/strong><br \/>\n1. Su rahva, su enese \u00f5nn \/ \u00dclo Alo<br \/>\n2. Two songs with lyrics by Juhan Liiv<br \/>\nEi ma m\u00f5ista palvet teha<br \/>\nMis meil kaunis, mis meil kallis<br \/>\n3. Kord olnud \u00fcks laul \/ Viivi Luik<br \/>\n4. Sinu silmis on k\u00fclmetav kuu \/ Viivi Luik<br \/>\n5. Meil aia-\u00e4\u00e4rne t\u00e4navas \/ Lydia Koidula<\/p>\n<p><strong>Pieces for mixed choir:<\/strong><br \/>\n6. Koduk\u00fcla, kodumaa \/ Hando Runnel<br \/>\n7. Kuu hiilis \/ Ly Seppel<br \/>\n8. Joosi, joosi \u00fcle m\u00e4e \/ Rahvaluule<br \/>\n9. Laulu otsimine \/ Rahvaluule<br \/>\n10. Tule ikka mu r\u00f5\u00f5mude juurde \/ Paul-Eerik Rummo<br \/>\n11. Andesta mulle, ma tulen \/ Viivi Luik<br \/>\n12. K\u00f5ige ilusam luule \/ Anna Haava<br \/>\n13. Two songs with lyrics by Juhan Liiv<br \/>\nEi ma m\u00f5ista palvet teha<br \/>\nMis meil kaunis, mis meil kallis<br \/>\n14. Suur Vaikija on tulnud \/ Kalju Lepik<\/p>\n<p>&#8211; <a href=\"mailto:info@spmuusika.ee\">&#8211;<\/a><br \/>\nAll titles available separately! <a href=\"mailto:info@spmuusika.ee\">Send a request!<\/a><\/p>\n<p><a href=\"https:\/\/estonianmusic.dev.unionfintech.com\/wp-content\/uploads\/2021\/02\/1059-Kiilaspea_SATB.pdf\">1059 Kiilaspea_SATB<\/a><br \/>\n<a href=\"https:\/\/estonianmusic.dev.unionfintech.com\/wp-content\/uploads\/2021\/02\/1059-Kiilaspea_SSAA.pdf\">1059 Kiilaspea_SSAA<\/a><\/p>\n","protected":false},"featured_media":3431,"template":"","meta":{"_et_pb_use_builder":"","_et_pb_old_content":"","_et_gb_content_width":"","spay_email":""},"_links":{"self":[{"href":"https:\/\/estonianmusic.com\/en\/wp-json\/wp\/v2\/product\/4397"}],"collection":[{"href":"https:\/\/estonianmusic.com\/en\/wp-json\/wp\/v2\/product"}],"about":[{"href":"https:\/\/estonianmusic.com\/en\/wp-json\/wp\/v2\/types\/product"}],"wp:featuredmedia":[{"embeddable":true,"href":"https:\/\/estonianmusic.com\/en\/wp-json\/wp\/v2\/media\/3431"}],"wp:attachment":[{"href":"https:\/\/estonianmusic.com\/en\/wp-json\/wp\/v2\/media?parent=4397"}],"curies":[{"name":"wp","href":"https:\/\/api.w.org\/{rel}","templated":true}]}}