
{"id":4394,"date":"2021-02-27T11:36:37","date_gmt":"2021-03-20T13:13:08","guid":{"rendered":"https:\/\/estonianmusic.com\/toode\/huua-huua-min-20\/"},"modified":"2021-08-25T15:04:04","modified_gmt":"2021-08-25T15:04:04","slug":"huua-huua-2","status":"publish","type":"product","link":"https:\/\/estonianmusic.com\/en\/toode\/huua-huua-2\/","title":{"rendered":"H\u00fc\u00fca, h\u00fc\u00fca! (min 20)"},"content":{"rendered":"","protected":false},"excerpt":{"rendered":"<p>2 pages, lyrics by A. Alavainu<\/p>\n<p><a href=\"https:\/\/estonianmusic.dev.unionfintech.com\/wp-content\/uploads\/2021\/02\/1056-Marguste_Huua.pdf\">1056 Marguste_Huua<\/a><\/p>\n","protected":false},"featured_media":3431,"template":"","meta":{"_et_pb_use_builder":"","_et_pb_old_content":"","_et_gb_content_width":"","spay_email":""},"_links":{"self":[{"href":"https:\/\/estonianmusic.com\/en\/wp-json\/wp\/v2\/product\/4394"}],"collection":[{"href":"https:\/\/estonianmusic.com\/en\/wp-json\/wp\/v2\/product"}],"about":[{"href":"https:\/\/estonianmusic.com\/en\/wp-json\/wp\/v2\/types\/product"}],"wp:featuredmedia":[{"embeddable":true,"href":"https:\/\/estonianmusic.com\/en\/wp-json\/wp\/v2\/media\/3431"}],"wp:attachment":[{"href":"https:\/\/estonianmusic.com\/en\/wp-json\/wp\/v2\/media?parent=4394"}],"curies":[{"name":"wp","href":"https:\/\/api.w.org\/{rel}","templated":true}]}}