
{"id":4389,"date":"2021-02-27T15:12:37","date_gmt":"2021-03-20T13:03:13","guid":{"rendered":"https:\/\/estonianmusic.com\/toode\/four-pieces-for-female-choir\/"},"modified":"2021-03-20T13:03:13","modified_gmt":"2021-03-20T13:03:13","slug":"neli-laulu-naiskoorile-four-pieces-for-female-choir-2","status":"publish","type":"product","link":"https:\/\/estonianmusic.com\/en\/toode\/neli-laulu-naiskoorile-four-pieces-for-female-choir-2\/","title":{"rendered":"Four pieces for female choir"},"content":{"rendered":"","protected":false},"excerpt":{"rendered":"<p>Text in estonian and english<br \/>\nTranslated by Harri M\u00fcrk<\/p>\n<p>1. J\u00e4ta p\u00e4ike paistma!<br \/>\nLet the Sun Shine!<br \/>\n2. Meelespea<br \/>\nForget-Me-Not<br \/>\n3. S\u00f6\u00f6mad s\u00f6\u00f6dud<br \/>\nWe Have Eaten<br \/>\n4. J\u00f5ulud tulevad<br \/>\nChristmas is Coming<\/p>\n<p><a href=\"https:\/\/estonianmusic.dev.unionfintech.com\/wp-content\/uploads\/2021\/02\/2116-Tormis_Neli.pdf\">2116 Tormis_Neli<\/a><\/p>\n<p>&#8211;<br \/>\n<em>All titles are separately available! <\/em><\/p>\n","protected":false},"featured_media":2670,"template":"","meta":{"_et_pb_use_builder":"","_et_pb_old_content":"","_et_gb_content_width":"","spay_email":""},"_links":{"self":[{"href":"https:\/\/estonianmusic.com\/en\/wp-json\/wp\/v2\/product\/4389"}],"collection":[{"href":"https:\/\/estonianmusic.com\/en\/wp-json\/wp\/v2\/product"}],"about":[{"href":"https:\/\/estonianmusic.com\/en\/wp-json\/wp\/v2\/types\/product"}],"wp:featuredmedia":[{"embeddable":true,"href":"https:\/\/estonianmusic.com\/en\/wp-json\/wp\/v2\/media\/2670"}],"wp:attachment":[{"href":"https:\/\/estonianmusic.com\/en\/wp-json\/wp\/v2\/media?parent=4389"}],"curies":[{"name":"wp","href":"https:\/\/api.w.org\/{rel}","templated":true}]}}