
{"id":4388,"date":"2021-02-27T16:28:22","date_gmt":"2021-03-20T13:02:12","guid":{"rendered":"https:\/\/estonianmusic.com\/toode\/12-songs-for-female-choir\/"},"modified":"2021-03-20T13:02:16","modified_gmt":"2021-03-20T13:02:16","slug":"12-laulu-naiskoorile-12-songs-for-female-choir","status":"publish","type":"product","link":"https:\/\/estonianmusic.com\/en\/toode\/12-laulu-naiskoorile-12-songs-for-female-choir\/","title":{"rendered":"12 songs for female choir"},"content":{"rendered":"","protected":false},"excerpt":{"rendered":"<p>36 pages, in estonian<br \/>\n<em>With english translations<\/em><\/p>\n<p>CONTENT:<br \/>\n\u201cValguse laulud\u201d<br \/>\n&#8220;Eestimaa \u00f5htud&#8221;<br \/>\nKui h\u00f5bekellade helin&#8230;<br \/>\nOlen kui linnuke<br \/>\nMis on inimene?<br \/>\nMuusika<br \/>\n\u00d6\u00f6lindude \u00f5htu<\/p>\n<p>&#8211;<br \/>\n<em>All titles are separately available! <\/em><\/p>\n<p><a href=\"https:\/\/estonianmusic.dev.unionfintech.com\/wp-content\/uploads\/2021\/02\/21704-Uusberg.pdf\">21704 Uusberg<\/a><\/p>\n","protected":false},"featured_media":2678,"template":"","meta":{"_et_pb_use_builder":"","_et_pb_old_content":"","_et_gb_content_width":"","spay_email":""},"_links":{"self":[{"href":"https:\/\/estonianmusic.com\/en\/wp-json\/wp\/v2\/product\/4388"}],"collection":[{"href":"https:\/\/estonianmusic.com\/en\/wp-json\/wp\/v2\/product"}],"about":[{"href":"https:\/\/estonianmusic.com\/en\/wp-json\/wp\/v2\/types\/product"}],"wp:featuredmedia":[{"embeddable":true,"href":"https:\/\/estonianmusic.com\/en\/wp-json\/wp\/v2\/media\/2678"}],"wp:attachment":[{"href":"https:\/\/estonianmusic.com\/en\/wp-json\/wp\/v2\/media?parent=4388"}],"curies":[{"name":"wp","href":"https:\/\/api.w.org\/{rel}","templated":true}]}}