
{"id":4370,"date":"2021-03-10T17:18:30","date_gmt":"2021-03-19T14:53:32","guid":{"rendered":"https:\/\/estonianmusic.com\/toode\/12-songs-in-honour-of-holy-virgin-maria\/"},"modified":"2021-03-21T18:32:44","modified_gmt":"2021-03-21T18:32:44","slug":"12-laulu-puha-neitsi-maria-auks-12-songs-in-honour-of-holy-virgin-maria","status":"publish","type":"product","link":"https:\/\/estonianmusic.com\/en\/toode\/12-laulu-puha-neitsi-maria-auks-12-songs-in-honour-of-holy-virgin-maria\/","title":{"rendered":"12 Songs in honour of holy virgin Maria"},"content":{"rendered":"","protected":false},"excerpt":{"rendered":"<p>All songs are availble separately, send a request!<br \/>\n90 pages<br \/>\nContent:<br \/>\n1. S\u00fcdamlik Ema, oled kaitsjaks Taevas<br \/>\n2. Oh halastuse Emake<br \/>\n3. Kiitkem s\u00fcdamest Mariat<br \/>\n4. Heliseb v\u00e4ljadel<br \/>\n5. Taevainglid kiitke Issandat<br \/>\n6. Auv\u00e4\u00e4rne Haldaja, taevalik \u00f5is<br \/>\n7. Hele t\u00e4ht<br \/>\n8. Seisab valurikas ema<br \/>\n9. Tere, Taevakuninganna<br \/>\n10. Sind tervitan<br \/>\n11. Suur Looja, Valgus oled Sa<br \/>\n12. Kaunim merit\u00e4hti, Ema<\/p>\n<p><a href=\"https:\/\/estonianmusic.dev.unionfintech.com\/wp-content\/uploads\/2021\/03\/Sisask_12.pdf\">Sisask_12_Songs<\/a><\/p>\n<p>&nbsp;<\/p>\n","protected":false},"featured_media":4198,"template":"","meta":{"_et_pb_use_builder":"","_et_pb_old_content":"","_et_gb_content_width":"","spay_email":""},"_links":{"self":[{"href":"https:\/\/estonianmusic.com\/en\/wp-json\/wp\/v2\/product\/4370"}],"collection":[{"href":"https:\/\/estonianmusic.com\/en\/wp-json\/wp\/v2\/product"}],"about":[{"href":"https:\/\/estonianmusic.com\/en\/wp-json\/wp\/v2\/types\/product"}],"wp:featuredmedia":[{"embeddable":true,"href":"https:\/\/estonianmusic.com\/en\/wp-json\/wp\/v2\/media\/4198"}],"wp:attachment":[{"href":"https:\/\/estonianmusic.com\/en\/wp-json\/wp\/v2\/media?parent=4370"}],"curies":[{"name":"wp","href":"https:\/\/api.w.org\/{rel}","templated":true}]}}