
{"id":4329,"date":"2021-02-17T14:38:52","date_gmt":"2021-03-19T12:59:45","guid":{"rendered":"https:\/\/estonianmusic.com\/toode\/laul-sunnib-roomust\/"},"modified":"2021-03-19T12:59:45","modified_gmt":"2021-03-19T12:59:45","slug":"laul-sunnib-roomust-2","status":"publish","type":"product","link":"https:\/\/estonianmusic.com\/en\/toode\/laul-sunnib-roomust-2\/","title":{"rendered":"Laul s\u00fcnnib r\u00f5\u00f5must"},"content":{"rendered":"","protected":false},"excerpt":{"rendered":"<p><a href=\"https:\/\/estonianmusic.dev.unionfintech.com\/wp-content\/uploads\/2021\/02\/laul-synnib-roomust-sisu.pdf\">Laul synnib roomust sisu<\/a><\/p>\n","protected":false},"featured_media":2877,"template":"","meta":{"_et_pb_use_builder":"","_et_pb_old_content":"","_et_gb_content_width":"","spay_email":""},"_links":{"self":[{"href":"https:\/\/estonianmusic.com\/en\/wp-json\/wp\/v2\/product\/4329"}],"collection":[{"href":"https:\/\/estonianmusic.com\/en\/wp-json\/wp\/v2\/product"}],"about":[{"href":"https:\/\/estonianmusic.com\/en\/wp-json\/wp\/v2\/types\/product"}],"wp:featuredmedia":[{"embeddable":true,"href":"https:\/\/estonianmusic.com\/en\/wp-json\/wp\/v2\/media\/2877"}],"wp:attachment":[{"href":"https:\/\/estonianmusic.com\/en\/wp-json\/wp\/v2\/media?parent=4329"}],"curies":[{"name":"wp","href":"https:\/\/api.w.org\/{rel}","templated":true}]}}