
{"id":4325,"date":"2021-02-18T18:51:13","date_gmt":"2021-03-19T12:56:00","guid":{"rendered":"https:\/\/estonianmusic.com\/toode\/ingerimaa-ohtud-ingrian-evenings\/"},"modified":"2021-03-19T12:56:02","modified_gmt":"2021-03-19T12:56:02","slug":"ingerimaa-ohtud","status":"publish","type":"product","link":"https:\/\/estonianmusic.com\/en\/toode\/ingerimaa-ohtud\/","title":{"rendered":"Ingerimaa \u00f5htud \/ Ingrian Evenings"},"content":{"rendered":"","protected":false},"excerpt":{"rendered":"<p>The 4. part of the cycle &#8220;Forgotten People&#8221; \/ Unustatud rahvad&#8221;<br \/>\nCycle of ingerian-finnish folktunes, text adapted by Ada Ambus<br \/>\n57 pages, A4<\/p>\n<p>Content:<br \/>\n1. R\u00f6nt\u00fcsk\u00e4 (Tantsulaul) I<br \/>\n2. R\u00f6nt\u00fcsk\u00e4 (Tantsulaul) II<br \/>\n3. R\u00f6nt\u00fcsk\u00e4 (Tantsulaul) III<br \/>\n4. Kiigelaul I<br \/>\n5. Kiigelaul II<br \/>\n6. Ringm\u00e4ngulaul<br \/>\n7. R\u00f6nt\u00fcsk\u00e4 IV<br \/>\n8. R\u00f6nt\u00fcsk\u00e4 V<br \/>\n9. L\u00f5petus ja kojuminek<\/p>\n","protected":false},"featured_media":3036,"template":"","meta":{"_et_pb_use_builder":"","_et_pb_old_content":"","_et_gb_content_width":"","spay_email":""},"_links":{"self":[{"href":"https:\/\/estonianmusic.com\/en\/wp-json\/wp\/v2\/product\/4325"}],"collection":[{"href":"https:\/\/estonianmusic.com\/en\/wp-json\/wp\/v2\/product"}],"about":[{"href":"https:\/\/estonianmusic.com\/en\/wp-json\/wp\/v2\/types\/product"}],"wp:featuredmedia":[{"embeddable":true,"href":"https:\/\/estonianmusic.com\/en\/wp-json\/wp\/v2\/media\/3036"}],"wp:attachment":[{"href":"https:\/\/estonianmusic.com\/en\/wp-json\/wp\/v2\/media?parent=4325"}],"curies":[{"name":"wp","href":"https:\/\/api.w.org\/{rel}","templated":true}]}}