
{"id":4323,"date":"2021-02-18T21:43:34","date_gmt":"2021-03-19T12:50:56","guid":{"rendered":"https:\/\/estonianmusic.com\/toode\/jaanilaulud-st-johns-day-songs\/"},"modified":"2021-04-04T11:02:52","modified_gmt":"2021-04-04T11:02:52","slug":"jaanilaulud","status":"publish","type":"product","link":"https:\/\/estonianmusic.com\/en\/toode\/jaanilaulud\/","title":{"rendered":"Jaanilaulud. St John&#8217;s Day Songs"},"content":{"rendered":"","protected":false},"excerpt":{"rendered":"<p>The 5. part of the cycle &#8220;Eesti Kalendrilaulud&#8221;<br \/>\nfor female, male and mixed choir<br \/>\nText in estonian and english (Ritva Poom)<br \/>\n52 pages, A4<br \/>\n<em>Content:<\/em><br \/>\n1. Kutse jaanitulele I<br \/>\n2. Kutse jaanitulele II<br \/>\n3. Ei ole p\u00fcssil p\u00fc\u00fctav<br \/>\n4. Miks Jaani oodatakse<br \/>\n5. Jaani hobu<br \/>\n6. Tules\u00f5nad<br \/>\n7. Jaanilaul<\/p>\n","protected":false},"featured_media":3048,"template":"","meta":{"_et_pb_use_builder":"","_et_pb_old_content":"","_et_gb_content_width":"","spay_email":""},"_links":{"self":[{"href":"https:\/\/estonianmusic.com\/en\/wp-json\/wp\/v2\/product\/4323"}],"collection":[{"href":"https:\/\/estonianmusic.com\/en\/wp-json\/wp\/v2\/product"}],"about":[{"href":"https:\/\/estonianmusic.com\/en\/wp-json\/wp\/v2\/types\/product"}],"wp:featuredmedia":[{"embeddable":true,"href":"https:\/\/estonianmusic.com\/en\/wp-json\/wp\/v2\/media\/3048"}],"wp:attachment":[{"href":"https:\/\/estonianmusic.com\/en\/wp-json\/wp\/v2\/media?parent=4323"}],"curies":[{"name":"wp","href":"https:\/\/api.w.org\/{rel}","templated":true}]}}