
{"id":4322,"date":"2021-02-23T17:45:16","date_gmt":"2021-03-19T12:46:45","guid":{"rendered":"https:\/\/estonianmusic.com\/toode\/kolmteist-eesti-luurilist-rahvalaulu-13-estonian-lyrical-folksongs-min-20-tk\/"},"modified":"2021-08-30T15:28:12","modified_gmt":"2021-08-30T15:28:12","slug":"4-sangaste-mangulaulu-min-20-tk-2","status":"publish","type":"product","link":"https:\/\/estonianmusic.com\/en\/toode\/4-sangaste-mangulaulu-min-20-tk-2\/","title":{"rendered":"Kolmteist eesti l\u00fc\u00fcrilist rahvalaulu (\/ 13 estonian lyrical folksongs (min 20 tk)"},"content":{"rendered":"","protected":false},"excerpt":{"rendered":"<p><strong class=\"title\">Partitur <\/strong><span class=\"subtitle\">Carus 9.222\/00, 24<\/span><span class=\"info d-block\">lk, A4,<br \/>\nin estonian<\/span><\/p>\n<p>1. Laulu v\u00f5im<br \/>\n2. Lauljaid otsitakse<br \/>\n3. Laulud pulmades \u00f5pitud<br \/>\n4. Halb reheline<br \/>\n5. \u00c4rge l\u00f6\u00f6ge vaeslast<br \/>\n6. H\u00e4rjad ootavad p\u00fchi<br \/>\n7. Sakste s\u00f5im<br \/>\n8. Orja palk<br \/>\n9. Mure murrab meele<br \/>\n10.Pihlapuu<br \/>\n11.Vaeslapsed laanes<br \/>\n12.Hellakese kutse<br \/>\n13.\u00d5htu ilu<\/p>\n","protected":false},"featured_media":3292,"template":"","meta":{"_et_pb_use_builder":"","_et_pb_old_content":"","_et_gb_content_width":"","spay_email":""},"_links":{"self":[{"href":"https:\/\/estonianmusic.com\/en\/wp-json\/wp\/v2\/product\/4322"}],"collection":[{"href":"https:\/\/estonianmusic.com\/en\/wp-json\/wp\/v2\/product"}],"about":[{"href":"https:\/\/estonianmusic.com\/en\/wp-json\/wp\/v2\/types\/product"}],"wp:featuredmedia":[{"embeddable":true,"href":"https:\/\/estonianmusic.com\/en\/wp-json\/wp\/v2\/media\/3292"}],"wp:attachment":[{"href":"https:\/\/estonianmusic.com\/en\/wp-json\/wp\/v2\/media?parent=4322"}],"curies":[{"name":"wp","href":"https:\/\/api.w.org\/{rel}","templated":true}]}}