
{"id":4313,"date":"2021-02-24T20:13:51","date_gmt":"2021-03-19T12:33:48","guid":{"rendered":"https:\/\/estonianmusic.com\/toode\/nine-old-christmas-carols\/"},"modified":"2021-03-19T12:33:50","modified_gmt":"2021-03-19T12:33:50","slug":"uheksa-joululaulu-lapsepolvest","status":"publish","type":"product","link":"https:\/\/estonianmusic.com\/en\/toode\/uheksa-joululaulu-lapsepolvest\/","title":{"rendered":"Nine Old Christmas Carols"},"content":{"rendered":"","protected":false},"excerpt":{"rendered":"<p>Arranged by Mart Jaanson. These Songs were sung in his childhood during the Christmas Days.<br \/>\n1. Oh, sa \u00f5nnistav! \/ O du fr\u00f6hliche<br \/>\n2. Iial ei helise kellad \/ S\u00fc\u00dfer die Glocken nie klingen<br \/>\n3. Igal aastal j\u00e4lle \/ Alle Jahre wieder<br \/>\n4. Et tulge, oh lapsed! \/ Ihr, Kinderlein, kommet<br \/>\n5. Kell, killa-k\u00f5ll! \/ Kling, Gl\u00f6ckchen, klingelingeling<br \/>\n6. V\u00e4ike j\u00f5ululaul<br \/>\n7. P\u00fchalik \u00f6\u00f6<br \/>\n8. Homme, lapsed \/ Morgen, Kinder, wird&#8217;s was geben<br \/>\n9. Homme tuleb j\u00f5ulumees<\/p>\n","protected":false},"featured_media":3431,"template":"","meta":{"_et_pb_use_builder":"","_et_pb_old_content":"","_et_gb_content_width":"","spay_email":""},"_links":{"self":[{"href":"https:\/\/estonianmusic.com\/en\/wp-json\/wp\/v2\/product\/4313"}],"collection":[{"href":"https:\/\/estonianmusic.com\/en\/wp-json\/wp\/v2\/product"}],"about":[{"href":"https:\/\/estonianmusic.com\/en\/wp-json\/wp\/v2\/types\/product"}],"wp:featuredmedia":[{"embeddable":true,"href":"https:\/\/estonianmusic.com\/en\/wp-json\/wp\/v2\/media\/3431"}],"wp:attachment":[{"href":"https:\/\/estonianmusic.com\/en\/wp-json\/wp\/v2\/media?parent=4313"}],"curies":[{"name":"wp","href":"https:\/\/api.w.org\/{rel}","templated":true}]}}