
{"id":4280,"date":"2021-03-01T15:01:20","date_gmt":"2021-03-18T16:44:11","guid":{"rendered":"https:\/\/estonianmusic.com\/toode\/kolm-eesti-mangulaulu-three-estonian-game-songs-min-3\/"},"modified":"2021-08-30T15:15:40","modified_gmt":"2021-08-30T15:15:40","slug":"kolm-eesti-mangulaulu-three-estonian-game-songs-min-3","status":"publish","type":"product","link":"https:\/\/estonianmusic.com\/en\/toode\/kolm-eesti-mangulaulu-three-estonian-game-songs-min-3\/","title":{"rendered":"Kolm eesti m\u00e4ngulaulu. Three Estonina Game Songs (min 3)"},"content":{"rendered":"","protected":false},"excerpt":{"rendered":"<p>Text traditional<br \/>\n20 pages, A4<\/p>\n<p><em>Content:<\/em><br \/>\n1. K\u00e4sikivim\u00e4ng (Setu)<br \/>\n2. S\u00f5rmem\u00e4hkimism\u00e4ng (Sangaste)<br \/>\n3. Laevam\u00e4ng (J\u00f5el\u00e4htme)<\/p>\n","protected":false},"featured_media":3687,"template":"","meta":{"_et_pb_use_builder":"","_et_pb_old_content":"","_et_gb_content_width":"","spay_email":""},"_links":{"self":[{"href":"https:\/\/estonianmusic.com\/en\/wp-json\/wp\/v2\/product\/4280"}],"collection":[{"href":"https:\/\/estonianmusic.com\/en\/wp-json\/wp\/v2\/product"}],"about":[{"href":"https:\/\/estonianmusic.com\/en\/wp-json\/wp\/v2\/types\/product"}],"wp:featuredmedia":[{"embeddable":true,"href":"https:\/\/estonianmusic.com\/en\/wp-json\/wp\/v2\/media\/3687"}],"wp:attachment":[{"href":"https:\/\/estonianmusic.com\/en\/wp-json\/wp\/v2\/media?parent=4280"}],"curies":[{"name":"wp","href":"https:\/\/api.w.org\/{rel}","templated":true}]}}