
{"id":4278,"date":"2021-03-02T19:59:31","date_gmt":"2021-03-18T16:42:03","guid":{"rendered":"https:\/\/estonianmusic.com\/toode\/seitseteist-eesti-pulmalaulu-17-estonian-wedding-songs-min-3\/"},"modified":"2021-08-30T15:12:26","modified_gmt":"2021-08-30T15:12:26","slug":"seitseteist-eesti-pulmalaulu-17-estonian-wedding-songs-min-3","status":"publish","type":"product","link":"https:\/\/estonianmusic.com\/en\/toode\/seitseteist-eesti-pulmalaulu-17-estonian-wedding-songs-min-3\/","title":{"rendered":"Seitseteist eesti pulmalaulu \/ 17 Estonian Wedding Songs (min 3)"},"content":{"rendered":"","protected":false},"excerpt":{"rendered":"<p>Estonian folktunes<br \/>\n30 pages, A4<\/p>\n<p>Content:<br \/>\n1. Pulmade ootamine (Setu)<br \/>\n2. Millal saame sinna maale? (T\u00f5stamaa)<br \/>\n3. M\u00f5rsja v\u00e4ljakutsumine (P\u00f5ltsamaa)<br \/>\n4. S\u00f6\u00f6ge langud (Lihula)<br \/>\n5. Kodu nutab m\u00f5rsjat (Paistu)<br \/>\n6. M\u00f5rsja nutab kodu (Kolga-Jaani)<br \/>\n7. Pulmas\u00f5it (R\u00f5ngu)<br \/>\n8. Saabumine peiu koju (Kuusalu)<br \/>\n9. Kas on minia meelt m\u00f6\u00f6da? (H\u00e4\u00e4demeeste)<br \/>\n10. \u00c4ra l\u00f6\u00f6 noorikut! (Tarvastu)<br \/>\n11. Nooriku virkuse\u00f5petus (Kuusalu)<br \/>\n12. Petis peiu (Karuse)<br \/>\n13. Palju veimi (P\u00e4rnu)<br \/>\n14. Lemmkibu (Kodavere)<br \/>\n15. Rahakorjamise t\u00e4nulaul (Hargla)<br \/>\n16. Palju s\u00f5nu (Hargla)<br \/>\n17. Kohus koju minna (Varbla)<\/p>\n<p>&nbsp;<\/p>\n<p>&nbsp;<\/p>\n","protected":false},"featured_media":3731,"template":"","meta":{"_et_pb_use_builder":"","_et_pb_old_content":"","_et_gb_content_width":"","spay_email":""},"_links":{"self":[{"href":"https:\/\/estonianmusic.com\/en\/wp-json\/wp\/v2\/product\/4278"}],"collection":[{"href":"https:\/\/estonianmusic.com\/en\/wp-json\/wp\/v2\/product"}],"about":[{"href":"https:\/\/estonianmusic.com\/en\/wp-json\/wp\/v2\/types\/product"}],"wp:featuredmedia":[{"embeddable":true,"href":"https:\/\/estonianmusic.com\/en\/wp-json\/wp\/v2\/media\/3731"}],"wp:attachment":[{"href":"https:\/\/estonianmusic.com\/en\/wp-json\/wp\/v2\/media?parent=4278"}],"curies":[{"name":"wp","href":"https:\/\/api.w.org\/{rel}","templated":true}]}}