
{"id":4276,"date":"2021-03-01T16:14:24","date_gmt":"2021-03-18T16:22:04","guid":{"rendered":"https:\/\/estonianmusic.com\/toode\/laule-segakoorile-works-for-mixed-voices\/"},"modified":"2021-03-21T18:36:41","modified_gmt":"2021-03-21T18:36:41","slug":"laule-segakoorile-works-for-mixed-voices","status":"publish","type":"product","link":"https:\/\/estonianmusic.com\/en\/toode\/laule-segakoorile-works-for-mixed-voices\/","title":{"rendered":"Works for mixed choir"},"content":{"rendered":"","protected":false},"excerpt":{"rendered":"<p>9 pieces a cappella<br \/>\nin estonian, 32 pages<\/p>\n<p>&#8211;<br \/>\n<em>All titles are separately available!<\/em><\/p>\n<p><span style=\"color: #008080;\">Content:<\/span><br \/>\nSiis vaikivad k\u00f5ik m\u00f5tted<br \/>\nMuusika<br \/>\nJumalaga<br \/>\nPunaste \u00f5htute purpur<br \/>\nIlus ta ei ole<br \/>\nKodutee<br \/>\nLumehelbeke<br \/>\nP\u00fcha \u00f6\u00f6, vaikne \u00f6\u00f6<br \/>\nH\u00e4\u00e4d \u00f6\u00f6d!<\/p>\n","protected":false},"featured_media":3947,"template":"","meta":{"_et_pb_use_builder":"","_et_pb_old_content":"","_et_gb_content_width":"","spay_email":""},"_links":{"self":[{"href":"https:\/\/estonianmusic.com\/en\/wp-json\/wp\/v2\/product\/4276"}],"collection":[{"href":"https:\/\/estonianmusic.com\/en\/wp-json\/wp\/v2\/product"}],"about":[{"href":"https:\/\/estonianmusic.com\/en\/wp-json\/wp\/v2\/types\/product"}],"wp:featuredmedia":[{"embeddable":true,"href":"https:\/\/estonianmusic.com\/en\/wp-json\/wp\/v2\/media\/3947"}],"wp:attachment":[{"href":"https:\/\/estonianmusic.com\/en\/wp-json\/wp\/v2\/media?parent=4276"}],"curies":[{"name":"wp","href":"https:\/\/api.w.org\/{rel}","templated":true}]}}