
{"id":4273,"date":"2021-03-02T18:40:12","date_gmt":"2021-03-18T16:13:59","guid":{"rendered":"https:\/\/estonianmusic.com\/toode\/morsja-huvastijatt-brides-farewell-min-3\/"},"modified":"2021-08-30T15:14:24","modified_gmt":"2021-08-30T15:14:24","slug":"morsja-huvastijatt-brides-farewell-min-3","status":"publish","type":"product","link":"https:\/\/estonianmusic.com\/en\/toode\/morsja-huvastijatt-brides-farewell-min-3\/","title":{"rendered":"M\u00f5rsja h\u00fcvastij\u00e4tt. Brides Farewell (min 3)"},"content":{"rendered":"","protected":false},"excerpt":{"rendered":"<p>Lyrics from the &#8220;Kalevala&#8221; Verse 22-24 &#8211; Text adapted by Lea Tormis<br \/>\nLatin version by Tuomo Pekkanen<br \/>\n22 pages, A4<\/p>\n","protected":false},"featured_media":3709,"template":"","meta":{"_et_pb_use_builder":"","_et_pb_old_content":"","_et_gb_content_width":"","spay_email":""},"_links":{"self":[{"href":"https:\/\/estonianmusic.com\/en\/wp-json\/wp\/v2\/product\/4273"}],"collection":[{"href":"https:\/\/estonianmusic.com\/en\/wp-json\/wp\/v2\/product"}],"about":[{"href":"https:\/\/estonianmusic.com\/en\/wp-json\/wp\/v2\/types\/product"}],"wp:featuredmedia":[{"embeddable":true,"href":"https:\/\/estonianmusic.com\/en\/wp-json\/wp\/v2\/media\/3709"}],"wp:attachment":[{"href":"https:\/\/estonianmusic.com\/en\/wp-json\/wp\/v2\/media?parent=4273"}],"curies":[{"name":"wp","href":"https:\/\/api.w.org\/{rel}","templated":true}]}}