
{"id":4271,"date":"2021-03-02T18:47:01","date_gmt":"2021-03-18T16:08:43","guid":{"rendered":"https:\/\/estonianmusic.com\/toode\/nostalgia-eight-favorate-estonian-songs-min-5\/"},"modified":"2021-08-30T15:13:41","modified_gmt":"2021-08-30T15:13:41","slug":"nostalgia-eight-favorate-estonian-songs-min-10","status":"publish","type":"product","link":"https:\/\/estonianmusic.com\/en\/toode\/nostalgia-eight-favorate-estonian-songs-min-10\/","title":{"rendered":"Nostalgia (min 5)"},"content":{"rendered":"","protected":false},"excerpt":{"rendered":"<p><strong>Eight Favorite Estonian Songs in estonian, 16 pages, A4<br \/>\nContent:<\/strong><br \/>\n1. Meil aia\u00e4\u00e4rne t\u00e4navas<br \/>\n2. Kui mina alles noor veel olin<br \/>\n3. Teele, teele, kurekesed<br \/>\n4. Kord m\u00f5tetes istus<br \/>\n5. Vaikne, kena kohakene<br \/>\n6. Mats alati on tubli mees<br \/>\n7. \u00d5rn \u00f6\u00f6bik<br \/>\n8. Lapsed tuppa<\/p>\n<p>&nbsp;<\/p>\n","protected":false},"featured_media":3993,"template":"","meta":{"_et_pb_use_builder":"","_et_pb_old_content":"","_et_gb_content_width":"","spay_email":""},"_links":{"self":[{"href":"https:\/\/estonianmusic.com\/en\/wp-json\/wp\/v2\/product\/4271"}],"collection":[{"href":"https:\/\/estonianmusic.com\/en\/wp-json\/wp\/v2\/product"}],"about":[{"href":"https:\/\/estonianmusic.com\/en\/wp-json\/wp\/v2\/types\/product"}],"wp:featuredmedia":[{"embeddable":true,"href":"https:\/\/estonianmusic.com\/en\/wp-json\/wp\/v2\/media\/3993"}],"wp:attachment":[{"href":"https:\/\/estonianmusic.com\/en\/wp-json\/wp\/v2\/media?parent=4271"}],"curies":[{"name":"wp","href":"https:\/\/api.w.org\/{rel}","templated":true}]}}