
{"id":4269,"date":"2021-03-02T19:34:42","date_gmt":"2021-03-18T16:05:44","guid":{"rendered":"https:\/\/estonianmusic.com\/toode\/sugismaastikud-autumn-landscapes-satb-min-3\/"},"modified":"2021-08-30T15:12:52","modified_gmt":"2021-08-30T15:12:52","slug":"sugismaastikud-autumn-landscapes-satb-min-3","status":"publish","type":"product","link":"https:\/\/estonianmusic.com\/en\/toode\/sugismaastikud-autumn-landscapes-satb-min-3\/","title":{"rendered":"S\u00fcgismaastikud. Autumn Landscapes (SATB; min 3)"},"content":{"rendered":"","protected":false},"excerpt":{"rendered":"<p>Lyrics by Viivi Luik<br \/>\n24 pages, A4<\/p>\n<p>Content:<br \/>\n1. On hilissuvi<br \/>\n2. \u00dcle taeva jooksevad pilved<br \/>\n3. Kahvatu valgus<br \/>\n4. Valusalt punased lehed<br \/>\n5. Tuul k\u00f5nnumaa kohal<br \/>\n6. K\u00fclm s\u00fcgis\u00f6\u00f6<br \/>\n7. Kanarbik<\/p>\n<p>&nbsp;<\/p>\n","protected":false},"featured_media":3114,"template":"","meta":{"_et_pb_use_builder":"","_et_pb_old_content":"","_et_gb_content_width":"","spay_email":""},"_links":{"self":[{"href":"https:\/\/estonianmusic.com\/en\/wp-json\/wp\/v2\/product\/4269"}],"collection":[{"href":"https:\/\/estonianmusic.com\/en\/wp-json\/wp\/v2\/product"}],"about":[{"href":"https:\/\/estonianmusic.com\/en\/wp-json\/wp\/v2\/types\/product"}],"wp:featuredmedia":[{"embeddable":true,"href":"https:\/\/estonianmusic.com\/en\/wp-json\/wp\/v2\/media\/3114"}],"wp:attachment":[{"href":"https:\/\/estonianmusic.com\/en\/wp-json\/wp\/v2\/media?parent=4269"}],"curies":[{"name":"wp","href":"https:\/\/api.w.org\/{rel}","templated":true}]}}