
{"id":5401,"date":"2021-04-13T09:47:06","date_gmt":"2021-04-13T09:47:06","guid":{"rendered":"https:\/\/estonianmusic.com\/?page_id=5401"},"modified":"2021-04-13T09:49:09","modified_gmt":"2021-04-13T09:49:09","slug":"privacy-conditions","status":"publish","type":"page","link":"https:\/\/estonianmusic.com\/en\/privacy-conditions\/","title":{"rendered":"Privacy Conditions"},"content":{"rendered":"\n<p><p><strong>General provisions<br\/><\/strong><\/p>&#13;\n<p class=\"western\">1.1. This privacy policy regulates the principles of collection, processing, and storage of personal data. Personal data is processed and stored by\u00a0<strong><b>SP Muusikaprojekt<\/b><\/strong>, who is the controller of the personal data (hereinafter the controller).<\/p>&#13;\n<p class=\"western\">1.2. For the purposes of this privacy policy, a data subject means the customer or another natural person whose personal data is processed by the controller.<\/p>&#13;\n<p class=\"western\">1.3. For the purposes of this privacy policy, a customer means anyone who purchases goods or services on the controller\u2019s website.<\/p>&#13;\n<p class=\"western\">1.4. The controller observes the principles relating to personal data processing provided by legislation and, among other things, processes personal data in a lawful, fair, and secure manner. The controller is able to declare that personal data has been processed in accordance with the provisions of the legislation.<\/p><\/p>\n\n\n\n<p><p><strong>2. Collection, processing, and storage of personal data<br\/><\/strong><\/p>&#13;\n<p class=\"western\">2.1. The personal data collected, processed, and stored by the controller has been collected \u00f3n paper, electronically, mainly via the website and e-mail.<\/p>&#13;\n<p class=\"western\">2.2. By sharing their personal data, the data subject grants the controller the right to collect, arrange, use and administer, for the purpose defined in the privacy policy, the personal data that the data subject shares with the controller either directly or indirectly when purchasing goods or services on the website.<\/p>&#13;\n<p class=\"western\">2.3. The data subject is liable for the accuracy, correctness, and integrity of the data submitted by them. The submission of knowingly false data is regarded as a breach of the privacy policy. The data subject is required to immediately notify the controller of any changes in the data submitted.<\/p>&#13;\n<p class=\"western\">2.4. The controller is not liable for any damage or loss caused to the data subject or a third party as a result of the submission of false data by the data subject.<\/p><\/p>\n\n\n\n<p><p><strong>3. Processing of personal data of customers<br\/><\/strong><\/p>&#13;\n<p class=\"western\">3.1. The controller may process the following personal data of the data subject:<\/p>&#13;\n<p class=\"western\">3.1.1. Given name and surname;<\/p>&#13;\n<p class=\"western\">3.1.2. Telephone number;<\/p>&#13;\n<p class=\"western\">3.1.3. E-mail address;<\/p>&#13;\n<p class=\"western\">3.1.4. Delivery address;<\/p>&#13;\n<p class=\"western\">3.2. In addition to the foregoing, the controller has the right to collect data about the customer that are available in public registers.<\/p>&#13;\n<p class=\"western\">3.3. The legal basis for the processing of personal data points (a), (b), (c) and (f) of Article 6(1) of the General Data Protection Regulation:<\/p>&#13;\n<p class=\"western\">(a) the data subject has given consent to the processing of his or her personal data for one or more specific purposes;<\/p>&#13;\n<p class=\"western\">(b) processing is necessary for the performance of a contract to which the data subject is a party or in order to take steps at the request of the data subject prior to entering into a contract;<\/p>&#13;\n<p class=\"western\">(c) processing is necessary for compliance with a legal obligation to which the controller is subject;<\/p>&#13;\n<p class=\"western\">(f) processing is necessary for the purposes of the legitimate interests pursued by the controller or by a third party, except where such interests are overridden by the interests or fundamental rights and freedoms of the data subject which require protection of personal data, in particular where the data subject is a child.<\/p>&#13;\n<p class=\"western\">3.4. Processing of personal data according to the purpose of processing:<\/p>&#13;\n<p class=\"western\">3.4.1. Purpose of processing \u2013 security and safety<br\/>The maximum period of storage of personal data \u2013 according to the terms specified by law<\/p>&#13;\n<p class=\"western\">3.4.2. Purpose of processing \u2013 the processing of orders<br\/>Maximum period of storage of personal data \u2013 12 months.<\/p>&#13;\n<p class=\"western\">3.4.3. Purpose of processing \u2013 ensuring the functioning of online store services<br\/>Maximum period of storage of personal data \u2013 12 months.<\/p>&#13;\n<p class=\"western\">3.4.4. Purpose of processing \u2013 customer management<br\/>Maximum period of storage of personal data \u2013 12 months.<\/p>&#13;\n<p class=\"western\">3.4.5. Purpose of processing \u2013 financial activities, accounting<br\/>Maximum period of storage of personal data \u2013 according to the terms specified by law<\/p>&#13;\n<p class=\"western\">3.4.6. Purpose of processing \u2013 marketingMaximum period of storage of personal data \u2013 12 months.<strong><b><br\/><\/b><\/strong>3.5. The controller has the right to share personal data of customers with third parties such as processors, accountants, transport and courier companies, companies providing transfer services. The controller is in charge of the processing of personal data. The controller transmits the personal data necessary for making payments to the processor, Maksekeskus AS.<\/p>&#13;\n<p class=\"western\">3.6. The controller processes and stores personal data of the data subject implementing the organizational and technical measures to ensure that the personal data is protected against any accidental or unlawful destruction, alteration, disclosure, and any other unlawful processing.<\/p>&#13;\n<p class=\"western\">3.7. The controller stores the data of the data subjects depending on the purpose of processing, but no longer than for 2 years.<\/p><\/p>\n\n\n\nprivacy-conditions<p><p><strong>4. Rights of the data subject<br\/><\/strong><\/p>&#13;\n<p class=\"western\">4.1. The data subject has the right to gain access to and examine their personal data.<\/p>&#13;\n<p class=\"western\">4.2. The data subject has the right to obtain information on the processing of their personal data.<\/p>&#13;\n<p class=\"western\">4.3. The data subject has the right to modify or rectify inaccurate data.<\/p>&#13;\n<p class=\"western\">4.4. If the controller processes personal data of the data subject based on the consent granted by the latter, the data subject has the right to withdraw their consent at any time.<\/p>&#13;\n<p class=\"western\">4.5. To exercise their rights, the data subject can contact the customer support of the online store at\u00a0<strong><b>info@spmuusika.ee<\/b><\/strong>.<\/p>&#13;\n<p class=\"western\">4.6. To protect their rights, the data subject can file a complaint with the Data Protection Inspectorate.<\/p><\/p>\n\n\n\n<p><p><strong>5. Final provisions<br\/><\/strong><\/p>&#13;\n<p class=\"western\">5.1. These data protection terms and conditions have been prepared in compliance with Regulation (EU) 2016\/679 of the European Parliament and of the Council on the protection of natural persons with regard to the processing of personal data and on the free movement of such data, and repealing Directive 95\/46\/EC (General Data Protection Regulation), the Personal Data Protection Act of the Republic of Estonia and legislation of the Republic of Estonia and the European Union.<\/p>&#13;\n<p class=\"western\">5.2. The controller has the right to amend the data protection terms and conditions in part or in full, notifying the data subjects of the amendments via\u00a0<strong><a href=\"http:\/\/www.estonianmusic.com\/\">www.estonianmusic.com<\/a>.<\/strong><\/p><\/p>\n","protected":false},"excerpt":{"rendered":"<p>General provisions &#13; 1.1. This privacy policy regulates the principles of collection, processing, and storage of personal data. Personal data is processed and stored by\u00a0SP Muusikaprojekt, who is the controller of the personal data (hereinafter the controller). &#13; 1.2. For the purposes of this privacy policy, a data subject means the customer or another natural [&hellip;]<\/p>\n","protected":false},"author":1,"featured_media":0,"parent":0,"menu_order":0,"comment_status":"closed","ping_status":"closed","template":"","meta":{"_et_pb_use_builder":"","_et_pb_old_content":"<!-- wp:paragraph {\"translatedWithWPMLTM\":\"1\"} -->\n<p><strong>General provisions<br\/><\/strong>1.1. This privacy policy regulates the principles of collection, processing, and storage of personal data. Personal data is processed and stored by SP Muusikaprojekt, who is the controller of the personal data (hereinafter the controller). For the purposes of this privacy policy, a data subject means the customer or another natural person whose personal data is processed by the controller.<br\/>1.2. For the purposes of this privacy policy, a customer means anyone who purchases goods or services on the controller\u2019s website.<br\/>1.3. The controller observes the principles relating to personal data processing provided by legislation and, among other things, processes personal data in a lawful, fair, and secure manner. The controller is able to declare that personal data has been processed in accordance with the provisions of the legislation.<br\/>1.4. Andmet\u00f6\u00f6tleja j\u00e4rgib \u00f5igusaktides s\u00e4testatud andmete t\u00f6\u00f6tlemise p\u00f5him\u00f5tteid, muuhulgas t\u00f6\u00f6tleb andmet\u00f6\u00f6tleja isikuandmeid seaduslikult, \u00f5iglaselt ja turvaliselt. Andmet\u00f6\u00f6tleja on v\u00f5imeline kinnitama, et isikuandmeid on t\u00f6\u00f6deldud vastavalt \u00f5igusaktides s\u00e4testatule.<\/p>\n<!-- \/wp:paragraph --><!-- wp:paragraph {\"translatedWithWPMLTM\":\"1\"} -->\n<p><strong>2. Isikuandmete kogumine, t\u00f6\u00f6tlemine ja s\u00e4ilitamine<br\/><\/strong>2.1. Isikuandmed, mida andmet\u00f6\u00f6tleja kogub, t\u00f6\u00f6tleb ja s\u00e4ilitab, on kogutud elektrooniliselt, peamiselt kodulehe ja e-posti vahendusel.<br\/>2.2. Oma isikuandmete jagamisega annab andmesubjekt andmet\u00f6\u00f6tlejale \u00f5iguse koguda, korraldada, kasutada ja hallata privaatsuspoliitikas m\u00e4\u00e4ratletud eesm\u00e4rgil isikuandmeid, mida andmesubjekt otse v\u00f5i kaudselt kodulehel kaupu v\u00f5i teenuseid ostes andmet\u00f6\u00f6tlejale jagab.<br\/>2.3. Andmesubjekt vastutab selle eest, et tema poolt esitatud andmed oleksid t\u00e4psed, \u00f5iged ja terviklikud. Teadlikult valeandmete esitamist peetakse privaatsuspoliitika rikkumiseks. Andmesubjekt on kohustatud andmet\u00f6\u00f6tlejat viivitamatult teavitama esitatud andmete muutumisest.<br\/>2.4. Andmet\u00f6\u00f6tleja ei vastuta andmesubjekti poolt valeandmete esitamisest p\u00f5hjustatud kahju eest andmesubjektile v\u00f5i kolmandatele osapooltele.<\/p>\n<!-- \/wp:paragraph --><!-- wp:paragraph {\"translatedWithWPMLTM\":\"1\"} -->\n<p><strong>3. Klientide isikuandmete t\u00f6\u00f6tlemine<br\/><\/strong>3.1. Andmet\u00f6\u00f6tleja v\u00f5ib t\u00f6\u00f6delda j\u00e4rgnevaid andmesubjekti isikuandmeid:<br\/>3.1.1. Ees- ja perekonnanimi;<br\/>3.1.2. Telefoninumber;<br\/>3.1.3. E-posti aadress;<br\/>3.1.4. Kohaletoimetamise aadress;<br\/>3.2. Lisaks eeltoodule on andmet\u00f6\u00f6tlejal \u00f5igus koguda kliendi kohta andmeid, mis on k\u00e4ttesaadavad avalikes registrites.<br\/>3.3. Isikuandmete t\u00f6\u00f6tlemise \u00f5iguslik alus on isikuandmete kaitse \u00fcldm\u00e4\u00e4ruse paragrahv 6 lg 1 p-d a), b), c) ja f):<br\/>a) andmesubjekt on andnud n\u00f5usoleku t\u00f6\u00f6delda oma isikuandmeid \u00fchel v\u00f5i mitmel konkreetsel eesm\u00e4rgil;<br\/>b) isikuandmete t\u00f6\u00f6tlemine on vajalik andmesubjekti osalusel s\u00f5lmitud lepingu t\u00e4itmiseks v\u00f5i lepingu s\u00f5lmimisele eelnevate meetmete v\u00f5tmiseks vastavalt andmesubjekti taotlusele;<br\/>c) isikuandmete t\u00f6\u00f6tlemine on vajalik vastutava t\u00f6\u00f6tleja juriidilise kohustuse t\u00e4itmiseks;<br\/>f) isikuandmete t\u00f6\u00f6tlemine on vajalik vastutava t\u00f6\u00f6tleja v\u00f5i kolmanda isiku \u00f5igustatud huvi korral, v\u00e4lja arvatud juhul, kui sellise huvi kaaluvad \u00fcles andmesubjekti huvid v\u00f5i p\u00f5hi\u00f5igused ja -vabadused, mille nimel tuleb kaitsta isikuandmeid, eriti juhul kui andmesubjekt on laps.<br\/>3.4. Isikuandmete t\u00f6\u00f6tlemine vastavalt t\u00f6\u00f6tlemise eesm\u00e4rgile:<br\/>3.4.1. T\u00f6\u00f6tlemise eesm\u00e4rk \u2013 julgeolek ja turvalisus<br\/>Isikuandmete s\u00e4ilitamise maksimaalne aeg \u2013 vastavalt seaduses nimetatud t\u00e4htaegadele<br\/>3.4.2. T\u00f6\u00f6tlemise eesm\u00e4rk \u2013 tellimuse t\u00f6\u00f6tlemine<br\/>Isikuandmete s\u00e4ilitamise maksimaalne aeg \u2013<strong>12 kuud<br\/><\/strong>3.4.3. T\u00f6\u00f6tlemise eesm\u00e4rk \u2013 e-poe teenuste toimimise tagamine<br\/>Isikuandmete s\u00e4ilitamise maksimaalne aeg \u2013<strong>12 kuud<br\/><\/strong>3.4.4. T\u00f6\u00f6tlemise eesm\u00e4rk \u2013 kliendihaldus<br\/>Isikuandmete s\u00e4ilitamise maksimaalne aeg \u2013<strong>24 kuud<br\/><\/strong>3.4.5. T\u00f6\u00f6tlemise eesm\u00e4rk \u2013 finantstegevus, raamatupidamine<br\/>Isikuandmete s\u00e4ilitamise maksimaalne aeg \u2013 vastavalt seaduses nimetatud t\u00e4htaegadele<br\/>3.4.6. T\u00f6\u00f6tlemise eesm\u00e4rk \u2013 turundus<br\/>Isikuandmete s\u00e4ilitamise maksimaalne aeg \u2013<strong>24 kuud<br\/><\/strong>3.5. Andmet\u00f6\u00f6tlejal on \u00f5igus klientide isikuandmeid jagada kolmandate isikutega, kelleks on n\u00e4iteks volitatud andmet\u00f6\u00f6tlejad, raamatupidajad, transpordi- ja kullerettev\u00f5tted, \u00fclekandeteenuseid pakkuvad ettev\u00f5tted Andmet\u00f6\u00f6tleja on isikuandmete vastutav t\u00f6\u00f6tleja. Andmet\u00f6\u00f6tleja edastab maksete teostamiseks vajalikud isikuandmed volitatud t\u00f6\u00f6tleja Maksekeskus AS-ile.<br\/>3.6. Andmesubjekti isikuandmete t\u00f6\u00f6tlemisel ja s\u00e4ilitamisel rakendab andmet\u00f6\u00f6tleja organisatoorseid ja tehnilisi meetmeid, mis tagavad isikuandmete kaitse juhusliku v\u00f5i ebaseadusliku h\u00e4vitamise, muutmise, avalikustamise ja mis tahes muu ebaseadusliku t\u00f6\u00f6tlemise eest.<br\/>3.7. Andmet\u00f6\u00f6tleja s\u00e4ilitab andmesubjektide andmeid s\u00f5ltuvalt t\u00f6\u00f6tlemise eesm\u00e4rgist, kuid mitte kauem kui 2 aastat.<\/p>\n<!-- \/wp:paragraph --><!-- wp:paragraph {\"translatedWithWPMLTM\":\"1\"} -->\n<p><strong>4. Andmesubjekti \u00f5igused<br\/><\/strong>4.1. Andmesubjektil on \u00f5igus saada ligip\u00e4\u00e4s oma isikuandmetele ning nendega tutvuda.<br\/>4.2. Andmesubjektil on \u00f5igus saada informatsiooni tema isikuandmete t\u00f6\u00f6tlemise kohta.<br\/>4.3. Andmesubjektil on \u00f5igus t\u00e4iendada v\u00f5i parandada ebat\u00e4pseid andmeid.<br\/>4.4. Kui andmet\u00f6\u00f6tleja t\u00f6\u00f6tleb andmesubjekti isikuandmeid andmesubjekti n\u00f5usoleku alusel, siis on andmesubjektil \u00f5igus igal ajal n\u00f5usolek tagasi v\u00f5tta.<br\/>4.5. Andmesubjekt saab \u00f5iguste teostamiseks p\u00f6\u00f6rduda e-poe klienditoe poole aadressil <strong><a href=\"mailto:info@spmuusika.ee\">info@spmuusika.ee<\/a> <br\/><\/strong>4.6. Andmesubjektil on oma \u00f5iguste kaitseks v\u00f5imalik esitada kaebus Andmekaitse Inspektsioonile.<\/p>\n<!-- \/wp:paragraph --><!-- wp:paragraph {\"translatedWithWPMLTM\":\"1\"} -->\n<p><strong>5. L\u00f5pps\u00e4tted<br\/><\/strong>5.1. K\u00e4esolevad andmekaitsetingimused on koostatud koosk\u00f5las Euroopa Parlamendi ja n\u00f5ukogu m\u00e4\u00e4rusega (EL) nr 2016\/679 f\u00fc\u00fcsiliste isikute kaitse kohta isikuandmete t\u00f6\u00f6tlemisel ja selliste andmete vaba liikumise ning direktiivi 95\/46 \/ E\u00dc kehtetuks tunnistamise kohta \/ E\u00dc (isikuandmete kaitse \u00fcldm\u00e4\u00e4rus), Eesti Vabariigi isikuandmete kaitse seadusega ning Eesti Vabariigi ja Euroopa Liidu \u00f5igusaktidega.<br\/>5.2. Andmet\u00f6\u00f6tlejal on \u00f5igus andmekaitsetingimusi osaliselt v\u00f5i t\u00e4ielikult muuta, teavitades andmesubjekte muudatustest kodulehe<strong><a href=\"http:\/\/www.estonianmusic.com\/\">www.estonianmusic.com<\/a><\/strong>kaudu .<\/p>\n<!-- \/wp:paragraph -->","_et_gb_content_width":"","spay_email":""},"_links":{"self":[{"href":"https:\/\/estonianmusic.com\/en\/wp-json\/wp\/v2\/pages\/5401"}],"collection":[{"href":"https:\/\/estonianmusic.com\/en\/wp-json\/wp\/v2\/pages"}],"about":[{"href":"https:\/\/estonianmusic.com\/en\/wp-json\/wp\/v2\/types\/page"}],"author":[{"embeddable":true,"href":"https:\/\/estonianmusic.com\/en\/wp-json\/wp\/v2\/users\/1"}],"replies":[{"embeddable":true,"href":"https:\/\/estonianmusic.com\/en\/wp-json\/wp\/v2\/comments?post=5401"}],"version-history":[{"count":11,"href":"https:\/\/estonianmusic.com\/en\/wp-json\/wp\/v2\/pages\/5401\/revisions"}],"predecessor-version":[{"id":5572,"href":"https:\/\/estonianmusic.com\/en\/wp-json\/wp\/v2\/pages\/5401\/revisions\/5572"}],"wp:attachment":[{"href":"https:\/\/estonianmusic.com\/en\/wp-json\/wp\/v2\/media?parent=5401"}],"curies":[{"name":"wp","href":"https:\/\/api.w.org\/{rel}","templated":true}]}}